{"id":6097,"date":"2019-03-03T21:00:49","date_gmt":"2019-03-03T20:00:49","guid":{"rendered":"https:\/\/www.losarquerosgolf.com\/?page_id=6097"},"modified":"2024-04-15T11:52:10","modified_gmt":"2024-04-15T09:52:10","slug":"contacto","status":"publish","type":"page","link":"https:\/\/www.losarquerosgolf.com\/es\/contacto\/","title":{"rendered":"Contacto"},"content":{"rendered":"<section class=\"wpb-content-wrapper\"><p>[vc_row][vc_column]<div class=\"sc_section margin_top_tiny margin_bottom_xxxmedium\" data-animation=\"animated fadeInUp normal\"><div class=\"sc_section_inner\"><div class=\"sc_section_content_wrap\"><h1 class=\"sc_title sc_title_regular sc_align_center margin_top_null margin_bottom_xmedium\" style=\"text-align:center;\"><\/p>\n<h1 class=\"color_dark fw_light m_bottom_15 heading_1 t_align_c\" style=\"text-align: center;\">INFORMACI\u00d3N DE CONTACTO<\/h1>\n<p><\/h1><div class=\"sc_iconseparator \"><div class=\"sc_iconseparator_item\"><span class=\"sc_iconseparator_holder sc_iconseparator_holder_left\"><span class=\"sc_iconseparator_line\"><\/span><\/span><div class=\"sc_iconseparator_element_outer\"><div class=\"sc_iconseparator_element_iner\"><span class=\"icon-seve\" style=\"font-size:3.3em; line-height: em;\"><\/span><\/div><\/div><span class=\"sc_iconseparator_holder sc_iconseparator_holder_right\"><span class=\"sc_iconseparator_line\"><\/span><\/span><\/div><\/div>[vc_column_text css=\u00bb.vc_custom_1551642699897{padding-bottom: 50px !important;}\u00bb]<\/p>\n<p class=\"m_bottom_35 heading_2 t_align_c\" style=\"text-align: center;\"><em>Los Arqueros Golf 1<sup>er<\/sup> campo de golf dise\u00f1ado por Severiano Ballesteros en la Costa del Sol.<\/em><\/p>\n<p>&nbsp;<\/p>\n<p style=\"text-align: center;\">Fue el primer campo de golf dise\u00f1ado por Severiano Ballesteros. Como el propio dise\u00f1ador dice, Los Arqueros es un buen campo para jugadores de todo tipo &#8211; un desaf\u00edo razonable para el golfista de nivel medio y una dura prueba para los profesionales.<\/p>\n<p>[\/vc_column_text]<div class=\"columns_wrap sc_columns columns_nofluid sc_columns_count_3\"><div class=\"column-1_3 sc_column_item sc_column_item_1 odd first\"><div class=\"sc_section sc_section_block margin_bottom_xsmall aligncenter\"><div class=\"sc_section_inner\"><div class=\"sc_section_content_wrap\"><figure class=\"sc_image  sc_image_shape_square margin_top_null margin_bottom_null\"><img src=\"https:\/\/www.losarquerosgolf.com\/wp-content\/uploads\/2019\/01\/contact-phone-1.png\" alt=\"\" \/><\/figure><\/div><\/div><\/div><div class=\"sc_section sc_section_block \" style=\"font-size:1.429em; line-height: 1.3em;font-weight:100;\"><div class=\"sc_section_inner\"><div class=\"sc_section_content_wrap\">[vc_column_text el_class=\u00bbcrtext\u00bb]<\/p>\n<p style=\"text-align: center; font-style: italic; color: #b2b3b6 !important; margin-bottom: 0.45em !important;\">Tel\u00e9fono: <a href=\"tel:+34952784600\">+34 952 784 600<\/a><\/p>\n<p>[\/vc_column_text]<\/div><\/div><\/div><\/div><div class=\"column-1_3 sc_column_item sc_column_item_2 even\"><div class=\"sc_section sc_section_block margin_bottom_xsmall aligncenter\"><div class=\"sc_section_inner\"><div class=\"sc_section_content_wrap\"><figure class=\"sc_image  sc_image_shape_square margin_top_null margin_bottom_null\"><img src=\"https:\/\/www.losarquerosgolf.com\/wp-content\/uploads\/2019\/01\/contact-mail.png\" alt=\"\" \/><\/figure><\/div><\/div><\/div><div class=\"sc_section sc_section_block \" style=\"font-size:1.429em; line-height: 1.3em;font-weight:100;\"><div class=\"sc_section_inner\"><div class=\"sc_section_content_wrap\">[vc_column_text el_class=\u00bbcrtext\u00bb]<\/p>\n<p style=\"text-align: center; font-style: italic; color: #b2b3b6 !important; margin-bottom: 0.45em !important;\"><a href=\"mailto:reservas@losarquerosgolf.com\">reservas@losarquerosgolf.com<\/a><\/p>\n<p>[\/vc_column_text]<\/div><\/div><\/div><\/div><div class=\"column-1_3 sc_column_item sc_column_item_3 odd\"><div class=\"sc_section sc_section_block margin_bottom_xsmall aligncenter\"><div class=\"sc_section_inner\"><div class=\"sc_section_content_wrap\"><figure class=\"sc_image  sc_image_shape_square margin_top_null margin_bottom_null\"><img src=\"https:\/\/www.losarquerosgolf.com\/wp-content\/uploads\/2019\/01\/contact-location.png\" alt=\"\" \/><\/figure><\/div><\/div><\/div><div class=\"sc_section sc_section_block \" style=\"font-size:1.429em; line-height: 1.3em;font-weight:100;\"><div class=\"sc_section_inner\"><div class=\"sc_section_content_wrap\">[vc_column_text el_class=\u00bbcrtext\u00bb]<\/p>\n<p style=\"text-align: center; font-style: italic; color: #b2b3b6 !important; margin-bottom: 0.45em !important;\">Ctra. de Ronda (A-397) Km. 44\u00b45 &#8211; CP: 29679<\/p>\n<p style=\"text-align: center; font-style: italic; color: #b2b3b6 !important; margin-bottom: 0.45em !important;\">Benahav\u00eds (M\u00e1laga) Espa\u00f1a.<\/p>\n<p>[\/vc_column_text]<\/div><\/div><\/div><\/div><\/div><\/div><\/div><\/div>[\/vc_column][\/vc_row][vc_row][vc_column]<div class=\"sc_section sc_section_block margin_top_null margin_bottom_null aligncenter\" style=\"width:60%;width:60%;\"><div class=\"sc_section_inner\"><div class=\"sc_section_content_wrap\">[vc_separator color=\u00bbblack\u00bb border_width=\u00bb3&#8243;]<\/div><\/div><\/div>[\/vc_column][\/vc_row][vc_row][vc_column]<div class=\"columns_wrap sc_columns columns_nofluid sc_columns_count_1\"><div class=\"column-1_1 sc_column_item sc_column_item_1 odd first\" style=\"text-align:center;\" data-animation=\"animated fadeInDown normal\"><h1 class=\"sc_title sc_title_regular\"><\/p>\n<h2 class=\"sc_title sc_title_regular sc_align_center margin_top_null margin_bottom_xmedium\" style=\"text-align: center;\">ENV\u00cdENOS UN MENSAJE<\/h2>\n<p><span style=\"text-align: center;\">\u00a0<\/span><\/h1>\n<div class=\"wpcf7 no-js\" id=\"wpcf7-f6528-o1\" lang=\"en-US\" dir=\"ltr\">\n<div class=\"screen-reader-response\"><p role=\"status\" aria-live=\"polite\" aria-atomic=\"true\"><\/p> <ul><\/ul><\/div>\n<form action=\"\/es\/wp-json\/wp\/v2\/pages\/6097#wpcf7-f6528-o1\" method=\"post\" class=\"wpcf7-form init\" aria-label=\"Contact form\" novalidate=\"novalidate\" data-status=\"init\">\n<div style=\"display: none;\">\n<input type=\"hidden\" name=\"_wpcf7\" value=\"6528\" \/>\n<input type=\"hidden\" name=\"_wpcf7_version\" value=\"5.7.6\" \/>\n<input type=\"hidden\" name=\"_wpcf7_locale\" value=\"en_US\" \/>\n<input type=\"hidden\" name=\"_wpcf7_unit_tag\" value=\"wpcf7-f6528-o1\" \/>\n<input type=\"hidden\" name=\"_wpcf7_container_post\" value=\"0\" \/>\n<input type=\"hidden\" name=\"_wpcf7_posted_data_hash\" value=\"\" \/>\n<input type=\"hidden\" name=\"_wpcf7_recaptcha_response\" value=\"\" \/>\n<\/div>\n<p><label><span class=\"wpcf7-form-control-wrap\" data-name=\"your-name\"><input size=\"40\" class=\"wpcf7-form-control wpcf7-text wpcf7-validates-as-required\" aria-required=\"true\" aria-invalid=\"false\" placeholder=\"Su Nombre\" value=\"\" type=\"text\" name=\"your-name\" \/><\/span><\/label>\n<\/p>\n<p><label><span class=\"wpcf7-form-control-wrap\" data-name=\"your-email\"><input size=\"40\" class=\"wpcf7-form-control wpcf7-text wpcf7-email wpcf7-validates-as-required wpcf7-validates-as-email\" aria-required=\"true\" aria-invalid=\"false\" placeholder=\"Su Email\" value=\"\" type=\"email\" name=\"your-email\" \/><\/span><\/label>\n<\/p>\n<p><label><span class=\"wpcf7-form-control-wrap\" data-name=\"your-subject\"><input size=\"40\" class=\"wpcf7-form-control wpcf7-text\" aria-invalid=\"false\" placeholder=\"Asunto\" value=\"\" type=\"text\" name=\"your-subject\" \/><\/span><\/label>\n<\/p>\n<p><label><span class=\"wpcf7-form-control-wrap\" data-name=\"your-message\"><textarea cols=\"40\" rows=\"10\" class=\"wpcf7-form-control wpcf7-textarea wpcf7-validates-as-required\" aria-required=\"true\" aria-invalid=\"false\" placeholder=\"Su Mensaje*\" name=\"your-message\"><\/textarea><\/span><\/label>\n<\/p>\n<p><input class=\"wpcf7-form-control has-spinner wpcf7-submit\" type=\"submit\" value=\"Enviar Mensaje\" \/>\n<\/p><input type='hidden' class='wpcf7-pum' value='{\"closepopup\":false,\"closedelay\":0,\"openpopup\":false,\"openpopup_id\":0}' \/><div class=\"wpcf7-response-output\" aria-hidden=\"true\"><\/div>\n<\/form>\n<\/div>\n<\/div><\/div>[vc_empty_space height=\u00bb64px\u00bb][\/vc_column][\/vc_row][vc_row full_width=\u00bbstretch_row_content_no_spaces\u00bb full_height=\u00bbyes\u00bb inverse=\u00bb\u00bb][vc_column]<div class=\"sc_section sc_section_block margin_top_null margin_bottom_xlarge aligncenter\" style=\"width:60%;width:60%;\"><div class=\"sc_section_inner\"><div class=\"sc_section_content_wrap\">[vc_separator color=\u00bbblack\u00bb border_width=\u00bb3&#8243;]<h2 class=\"sc_title sc_title_regular sc_align_center margin_top_large margin_bottom_xsmall\" style=\"text-align:center;\">D\u00d3NDE ENCONTRARNOS<\/h2><\/div><\/div><\/div>[vc_raw_html]JTNDaWZyYW1lJTIwc3JjJTNEJTIyaHR0cHMlM0ElMkYlMkZ3d3cuZ29vZ2xlLmNvbSUyRm1hcHMlMkZlbWJlZCUzRnBiJTNEJTIxMW0xNCUyMTFtOCUyMTFtMyUyMTFkMTI4MjcuMDkwMzgxMDk1MTczJTIxMmQtNS4wMTYyNTI5JTIxM2QzNi41MTEzNTExJTIxM20yJTIxMWkxMDI0JTIxMmk3NjglMjE0ZjEzLjElMjEzbTMlMjExbTIlMjExczB4MCUyNTNBMHg0YzJmMWFmMTY3ZDhkMDdkJTIxMnNMb3MlMkJBcnF1ZXJvcyUyQkdvbGYlMkIlMjUyNiUyQkNvdW50cnklMkJDbHViJTIxNWUwJTIxM20yJTIxMXNlcyUyMTJzZXMlMjE0djE1NDc2NTcwNDU1MTUlMjIlMjB3aWR0aCUzRCUyMjEwMCUyNSUyMiUyMGhlaWdodCUzRCUyMjMwMHB4JTIyJTIwZnJhbWVib3JkZXIlM0QlMjIwJTIyJTIwc3R5bGUlM0QlMjJib3JkZXIlM0EwJTIyJTIwYWxsb3dmdWxsc2NyZWVuJTNFJTNDJTJGaWZyYW1lJTNF[\/vc_raw_html][\/vc_column][\/vc_row][vc_row][vc_column][vc_empty_space][\/vc_column][\/vc_row]<\/p>\n<\/section>","protected":false},"excerpt":{"rendered":"<p>[vc_row][vc_column][\/vc_column][\/vc_row][vc_row][vc_column][\/vc_column][\/vc_row][vc_row][vc_column][vc_empty_space height=\u00bb64px\u00bb][\/vc_column][\/vc_row][vc_row full_width=\u00bbstretch_row_content_no_spaces\u00bb full_height=\u00bbyes\u00bb inverse=\u00bb\u00bb][vc_column][vc_raw_html]JTNDaWZyYW1lJTIwc3JjJTNEJTIyaHR0cHMlM0ElMkYlMkZ3d3cuZ29vZ2xlLmNvbSUyRm1hcHMlMkZlbWJlZCUzRnBiJTNEJTIxMW0xNCUyMTFtOCUyMTFtMyUyMTFkMTI4MjcuMDkwMzgxMDk1MTczJTIxMmQtNS4wMTYyNTI5JTIxM2QzNi41MTEzNTExJTIxM20yJTIxMWkxMDI0JTIxMmk3NjglMjE0ZjEzLjElMjEzbTMlMjExbTIlMjExczB4MCUyNTNBMHg0YzJmMWFmMTY3ZDhkMDdkJTIxMnNMb3MlMkJBcnF1ZXJvcyUyQkdvbGYlMkIlMjUyNiUyQkNvdW50cnklMkJDbHViJTIxNWUwJTIxM20yJTIxMXNlcyUyMTJzZXMlMjE0djE1NDc2NTcwNDU1MTUlMjIlMjB3aWR0aCUzRCUyMjEwMCUyNSUyMiUyMGhlaWdodCUzRCUyMjMwMHB4JTIyJTIwZnJhbWVib3JkZXIlM0QlMjIwJTIyJTIwc3R5bGUlM0QlMjJib3JkZXIlM0EwJTIyJTIwYWxsb3dmdWxsc2NyZWVuJTNFJTNDJTJGaWZyYW1lJTNF[\/vc_raw_html][\/vc_column][\/vc_row][vc_row][vc_column][vc_empty_space][\/vc_column][\/vc_row]<\/p>\n","protected":false},"author":1,"featured_media":0,"parent":0,"menu_order":0,"comment_status":"closed","ping_status":"closed","template":"","meta":{"inline_featured_image":false},"aioseo_notices":[],"_links":{"self":[{"href":"https:\/\/www.losarquerosgolf.com\/es\/wp-json\/wp\/v2\/pages\/6097"}],"collection":[{"href":"https:\/\/www.losarquerosgolf.com\/es\/wp-json\/wp\/v2\/pages"}],"about":[{"href":"https:\/\/www.losarquerosgolf.com\/es\/wp-json\/wp\/v2\/types\/page"}],"author":[{"embeddable":true,"href":"https:\/\/www.losarquerosgolf.com\/es\/wp-json\/wp\/v2\/users\/1"}],"replies":[{"embeddable":true,"href":"https:\/\/www.losarquerosgolf.com\/es\/wp-json\/wp\/v2\/comments?post=6097"}],"version-history":[{"count":1,"href":"https:\/\/www.losarquerosgolf.com\/es\/wp-json\/wp\/v2\/pages\/6097\/revisions"}],"predecessor-version":[{"id":11061,"href":"https:\/\/www.losarquerosgolf.com\/es\/wp-json\/wp\/v2\/pages\/6097\/revisions\/11061"}],"wp:attachment":[{"href":"https:\/\/www.losarquerosgolf.com\/es\/wp-json\/wp\/v2\/media?parent=6097"}],"curies":[{"name":"wp","href":"https:\/\/api.w.org\/{rel}","templated":true}]}}