{"id":6068,"date":"2016-03-15T15:15:20","date_gmt":"2016-03-15T15:15:20","guid":{"rendered":"https:\/\/www.losarquerosgolf.com\/our-team\/"},"modified":"2022-09-07T14:02:02","modified_gmt":"2022-09-07T12:02:02","slug":"nuestro-equipo","status":"publish","type":"page","link":"https:\/\/www.losarquerosgolf.com\/es\/nuestro-equipo\/","title":{"rendered":"Nuestro Equipo"},"content":{"rendered":"<section class=\"wpb-content-wrapper\"><p>[vc_row][vc_column]<div class=\"sc_content content_wrap margin_top_large margin_bottom_medium\" data-animation=\"animated fadeInUp normal\"><\/div>[\/vc_column][\/vc_row][vc_row full_width=\u00bbstretch_row_content_no_spaces\u00bb inverse=\u00bbyes\u00bb css=\u00bb.vc_custom_1461760459303{background-color: #1c1c1c !important;}\u00bb][vc_column]<div class=\"columns_wrap sc_columns columns_nofluid sc_columns_count_2 maxHBox custom_class_1 \"><div class=\"column-1_2 sc_column_item sc_column_item_1 maxHBoxItem odd first\" data-animation=\"animated fadeInLeft normal\"><div class=\"sc_section sc_section_block margin_top_xxhuge margin_bottom_xhuge aligncenter\" style=\"padding: 0 11em;\"><div class=\"sc_section_inner\"><div class=\"sc_section_content_wrap\"><h2 class=\"sc_title sc_title_regular sc_align_center margin_top_null margin_bottom_small\" style=\"text-align:center;\">JUEGA GOLF COMO UN PRO<\/h2><div class=\"sc_section\" style=\"font-size:1.286em; line-height: 1.3em;font-weight:100;\"><div class=\"sc_section_inner\"><div class=\"sc_section_content_wrap\">[vc_column_text el_class=\u00bbcrtext\u00bb]<\/p>\n<p style=\"text-align: center; font-style: italic; color: #9c9da1 !important;\">Membres\u00eda del club<\/p>\n<p>[\/vc_column_text]<\/div><\/div><\/div><div class=\"sc_section\" style=\"margin: 0 auto;font-size:1.286em; line-height: 1.3em;font-weight:100;width:70%;width:70%;\"><div class=\"sc_section_inner\"><div class=\"sc_section_content_wrap\"><div class=\"sc_iconseparator \"><div class=\"sc_iconseparator_item\"><span class=\"sc_iconseparator_holder sc_iconseparator_holder_left\"><span class=\"sc_iconseparator_line\"><\/span><\/span><div class=\"sc_iconseparator_element_outer\"><div class=\"sc_iconseparator_element_iner\"><span class=\"icon-seve\" style=\"font-weight:100;font-size:2.2em; line-height: em;color:#595959;\"><\/span><\/div><\/div><span class=\"sc_iconseparator_holder sc_iconseparator_holder_right\"><span class=\"sc_iconseparator_line\"><\/span><\/span><\/div><\/div><\/div><\/div><\/div><div class=\"sc_section margin_bottom_medium\" style=\"font-size:1.714em; line-height: 1.3em;font-weight:100;\"><div class=\"sc_section_inner\"><div class=\"sc_section_content_wrap\">[vc_column_text el_class=\u00bbcrtext\u00bb]<\/p>\n<p style=\"text-align: center; font-style: italic;\">La membres\u00eda es la oportunidad de unirse a uno de los clubes de golf l\u00edderes en la Costa del sol. Nuestro personal est\u00e1 disponible en todo momento para brindarle toda la informaci\u00f3n que necesite.<\/p>\n<p>[\/vc_column_text]<\/div><\/div><\/div><div class=\"sc_section\"><div class=\"sc_section_inner\"><div class=\"sc_section_content_wrap\"><a href=\"mailto:info@losarquerosgolf.com?subject=%20Solicitud:%20Informacion%20Bono%20Anual&body=Podrian%20enviarme%20m\u00e1s%20detalles%20sobre%20los%20bonos%20anuales.%0D%0A%0D%0ANombre:%0D%0A%0D%0AApellido:%0D%0A%0D%0AEmail:\" class=\"sc_button sc_button_square sc_button_style_filled sc_button_size_small margin_right_xsmall margin_bottom_xsmall\">\u00daNETE A NUESTRO CLUB<\/a><a href=\"https:\/\/open.imaster.golf\/es\/arqueros\" class=\"sc_button sc_button_square sc_button_style_filled sc_button_size_small margin_right_xsmall margin_bottom_xsmall\">RESERVA ONLINE AHORA<\/a><\/div><\/div><\/div><\/div><\/div><\/div><\/div><div class=\"column-1_2 sc_column_item sc_column_item_2 maxHBoxItem even\" data-animation=\"animated fadeInRight normal\"><div class=\"sc_column_item_inner\" style=\"background-image:url(https:\/\/www.losarquerosgolf.com\/wp-content\/uploads\/2016\/03\/our_team_1.jpg);background-repeat:no-repeat;background-size:cover;\"><\/div><\/div><\/div>[\/vc_column][\/vc_row][vc_row full_width=\u00bbstretch_row\u00bb css=\u00bb.vc_custom_1461492701247{background-color: #f7f8fc !important;}\u00bb][vc_column]<div class=\"sc_content content_wrap margin_top_xlarge margin_bottom_medium\" data-animation=\"animated fadeInUp normal\"><h2 class=\"sc_title sc_title_regular sc_align_center margin_bottom_tiny\" style=\"text-align:center;\">OPINIONES DE CLIENTES<\/h2><div class=\"sc_section sc_section_block \" style=\"font-size:1.286em; line-height: 1.3em;font-weight:100;\"><div class=\"sc_section_inner\"><div class=\"sc_section_content_wrap\">[vc_column_text el_class=\u00bbcrtext\u00bb]<\/p>\n<p style=\"text-align: center; color: #9c9da1;\"><em>Qu\u00e9 dice la gente de nosotros<br \/>\n<\/em><\/p>\n<p>[\/vc_column_text]<\/div><\/div><\/div><div class=\"sc_section sc_section_block margin_top_small aligncenter\" style=\"width:70%;width:70%;\"><div class=\"sc_section_inner\"><div class=\"sc_section_content_wrap\"><div class=\"sc_iconseparator \"><div class=\"sc_iconseparator_item\"><span class=\"sc_iconseparator_holder sc_iconseparator_holder_left\"><span class=\"sc_iconseparator_line\"><\/span><\/span><div class=\"sc_iconseparator_element_outer\"><div class=\"sc_iconseparator_element_iner\"><span class=\"icon-seve\" style=\"font-weight:100;font-size:3.3em; line-height: em;color:#666769;\"><\/span><\/div><\/div><span class=\"sc_iconseparator_holder sc_iconseparator_holder_right\"><span class=\"sc_iconseparator_line\"><\/span><\/span><\/div><\/div><\/div><\/div><\/div><div id=\"sc_testimonials_1340708511\" class=\"sc_testimonials sc_testimonials_style_testimonials-1 \" style=\"width:100%;\"><div class=\"sc_slider_swiper swiper-slider-container sc_slider_pagination sc_slider_pagination_bottom sc_slider_nocontrols\" data-interval=\"5354\" data-slides-min-width=\"250\"><div class=\"slides swiper-wrapper\"><div class=\"swiper-slide\" data-style=\"width:100%;\" style=\"width:100%;\">\t\t\t<div id=\"sc_testimonials_1340708511_1\" class=\"sc_testimonial_item\">\n\t\t\t\t<div class=\"sc_testimonial_content\"><p><span class=\"tlid-translation translation\"><span class=\"\" title=\"\">Hermoso campo con excelentes vistas,\u00a0 estaba en excelentes condiciones cuando jugamos all\u00ed a principios de noviembre.<\/span> <span class=\"\" title=\"\">Tambi\u00e9n una casa club muy agradable con buena comida.<\/span> <span class=\"\" title=\"\">El personal fue muy amigable y servicial.<\/span> <span class=\"\" title=\"\">Uno de los mejores campos de la Costa del Sol.<\/span><\/span><\/p>\n<\/div>\n\t\t\t\t\t\t\t\t\t\t\t\t<div class=\"sc_testimonial_author\"><a href=\"https:\/\/goo.gl\/maps\/BZvQcHhDEem\" class=\"sc_testimonial_author_name\">James Mc Swiney<\/a><span class=\"sc_testimonial_author_position\">Rese\u00f1a de Google<\/span><\/div>\n\t\t\t\t\t\t\t<\/div>\n\t\t<\/div><div class=\"swiper-slide\" data-style=\"width:100%;\" style=\"width:100%;\">\t\t\t<div id=\"sc_testimonials_1340708511_2\" class=\"sc_testimonial_item\">\n\t\t\t\t<div class=\"sc_testimonial_content\"><p><span class=\"tlid-translation translation\"><span title=\"\"><span class=\"fullText \"><span class=\"\" title=\"\">Campo de golf desafiante, personal muy amable.<\/span> <span class=\"\" title=\"\">Fui all\u00ed para una vuelta de golf el 30 de septiembre.<\/span> <span class=\"\" title=\"\">El campo es impresionante y realmente desafiante.<\/span> El personal fue muy amable y me proporcionaron sus palos de golf privados porque no quedaban de alquiler. Gracias por eso. <span class=\"alt-edited\" title=\"\">Deseando volver<\/span> ...<\/span><\/span><\/span><\/p>\n<\/div>\n\t\t\t\t\t\t\t\t\t\t\t\t<div class=\"sc_testimonial_author\"><a href=\"https:\/\/www.tripadvisor.es\/ShowUserReviews-g608965-d3968727-r621269943-Los_Arqueros_Golf_Country_Club-Benahavis_Costa_del_Sol_Province_of_Malaga_Andalu.html\" class=\"sc_testimonial_author_name\">883stephan<\/a><span class=\"sc_testimonial_author_position\">Rese\u00f1a de Tripadvisor <\/span><\/div>\n\t\t\t\t\t\t\t<\/div>\n\t\t<\/div><div class=\"swiper-slide\" data-style=\"width:100%;\" style=\"width:100%;\">\t\t\t<div id=\"sc_testimonials_1340708511_3\" class=\"sc_testimonial_item\">\n\t\t\t\t<div class=\"sc_testimonial_content\"><p><span class=\"tlid-translation translation\"><span class=\"\" title=\"\">Siempre es un placer jugar en uno de los campos m\u00e1s bonitos de la Costa.<\/span> <span class=\"\" title=\"\">Dif\u00edcil para los handicaps m\u00e1s altos, pero un desaf\u00edo para todos los niveles.<\/span> <span class=\"\" title=\"\">El personal es amable, tanto en la tienda como en el restaurante, muy acogedor.<\/span><\/span><\/p>\n<\/div>\n\t\t\t\t\t\t\t\t\t\t\t\t<div class=\"sc_testimonial_author\"><a href=\"https:\/\/www.facebook.com\/chris.dewhurst.12\/posts\/10156367681804934\" class=\"sc_testimonial_author_name\">Chris Dewhurst<\/a><span class=\"sc_testimonial_author_position\">Rese\u00f1a de Facebook<\/span><\/div>\n\t\t\t\t\t\t\t<\/div>\n\t\t<\/div><\/div><div class=\"sc_slider_controls_wrap\"><a class=\"sc_slider_prev\" href=\"#\"><\/a><a class=\"sc_slider_next\" href=\"#\"><\/a><\/div><div class=\"sc_slider_pagination_wrap\"><\/div><\/div><\/div><\/div>[\/vc_column][\/vc_row][vc_row][vc_column][vc_empty_space][\/vc_column][\/vc_row]<\/p>\n<\/section>","protected":false},"excerpt":{"rendered":"<p>[vc_row][vc_column][\/vc_column][\/vc_row][vc_row full_width=\u00bbstretch_row_content_no_spaces\u00bb inverse=\u00bbyes\u00bb css=\u00bb.vc_custom_1461760459303{background-color: #1c1c1c !important;}\u00bb][vc_column][\/vc_column][\/vc_row][vc_row full_width=\u00bbstretch_row\u00bb css=\u00bb.vc_custom_1461492701247{background-color: #f7f8fc !important;}\u00bb][vc_column][\/vc_column][\/vc_row][vc_row][vc_column][vc_empty_space][\/vc_column][\/vc_row]<\/p>\n","protected":false},"author":1,"featured_media":0,"parent":0,"menu_order":0,"comment_status":"closed","ping_status":"closed","template":"","meta":{"inline_featured_image":false},"aioseo_notices":[],"_links":{"self":[{"href":"https:\/\/www.losarquerosgolf.com\/es\/wp-json\/wp\/v2\/pages\/6068"}],"collection":[{"href":"https:\/\/www.losarquerosgolf.com\/es\/wp-json\/wp\/v2\/pages"}],"about":[{"href":"https:\/\/www.losarquerosgolf.com\/es\/wp-json\/wp\/v2\/types\/page"}],"author":[{"embeddable":true,"href":"https:\/\/www.losarquerosgolf.com\/es\/wp-json\/wp\/v2\/users\/1"}],"replies":[{"embeddable":true,"href":"https:\/\/www.losarquerosgolf.com\/es\/wp-json\/wp\/v2\/comments?post=6068"}],"version-history":[{"count":1,"href":"https:\/\/www.losarquerosgolf.com\/es\/wp-json\/wp\/v2\/pages\/6068\/revisions"}],"predecessor-version":[{"id":10431,"href":"https:\/\/www.losarquerosgolf.com\/es\/wp-json\/wp\/v2\/pages\/6068\/revisions\/10431"}],"wp:attachment":[{"href":"https:\/\/www.losarquerosgolf.com\/es\/wp-json\/wp\/v2\/media?parent=6068"}],"curies":[{"name":"wp","href":"https:\/\/api.w.org\/{rel}","templated":true}]}}