{"id":6026,"date":"2019-03-03T16:59:54","date_gmt":"2019-03-03T15:59:54","guid":{"rendered":"https:\/\/www.losarquerosgolf.com\/?page_id=6026"},"modified":"2025-04-10T15:02:00","modified_gmt":"2025-04-10T13:02:00","slug":"sobre-nosotros","status":"publish","type":"page","link":"https:\/\/www.losarquerosgolf.com\/es\/sobre-nosotros\/","title":{"rendered":"Sobre Nosotros"},"content":{"rendered":"<section class=\"wpb-content-wrapper\"><p>[vc_row][vc_column]<div class=\"sc_content content_wrap margin_bottom_large\"><div class=\"columns_wrap sc_columns columns_nofluid sc_columns_count_2 margin_bottom_null\"><div class=\"column-1_2 sc_column_item sc_column_item_1 odd first\" data-animation=\"animated fadeInLeft normal\"><figure class=\"sc_image  sc_image_shape_square\" style=\"width:570px;height:477px;\"><img src=\"https:\/\/www.losarquerosgolf.com\/wp-content\/uploads\/2019\/02\/seve-los-arqueros-1-570x477.jpg\" alt=\"\" \/><\/figure><\/div><div class=\"column-1_2 sc_column_item sc_column_item_2 even\" data-animation=\"animated fadeInRight normal\"><h2 class=\"sc_title sc_title_regular margin_top_null margin_bottom_small\">BIENVENIDOS<\/h2>[vc_column_text]<\/p>\n<p>Los Arqueros Golf and Country Club le da la bienvenida a su campo de 18 hoyos, par 71, dise\u00f1ado en 1991 por el Campe\u00f3n de Majors &#8211; Severiano Ballesteros.<\/p>\n<p>El campo de golf est\u00e1 ubicado en las colinas de Benahav\u00eds en la Costa del Sol. Cerca de las hermosas playas de Marbella con una gran variedad de hoteles y restaurantes.<\/p>\n<p>Este desafiante campo de golf de Marbella es una herencia de Seve y pondr\u00e1 a prueba tus nervios y tu valent\u00eda en la selecci\u00f3n de palos de golf.[\/vc_column_text]<\/div><\/div><\/div>[\/vc_column][\/vc_row][vc_row content_placement=\u00bbtop\u00bb css=\u00bb.vc_custom_1551103609409{padding-top: -100px !important;padding-bottom: 100px !important;}\u00bb][vc_column]<div class=\"columns_wrap sc_columns columns_nofluid sc_columns_count_2 margin_bottom_xmedium\"><div class=\"column-1_2 sc_column_item sc_column_item_1 odd first\" data-animation=\"animated fadeInLeft normal\">[vc_column_text css=\u00bb.vc_custom_1551630175184{padding-top: 20px !important;padding-bottom: 20px !important;}\u00bb]Los Arqueros ofrece una serie de instalaciones adicionales, que incluyen:[\/vc_column_text]<ul class=\"sc_list sc_list_style_iconed margin_top_null\"><li class=\"sc_list_item odd first\"><span class=\"sc_list_icon icon-stop\" style=\"color:#7fd4a7;\"><\/span>[vc_column_text]Campo de pr\u00e1cticas[\/vc_column_text]<\/li><li class=\"sc_list_item even\"><span class=\"sc_list_icon icon-stop\" style=\"color:#7fd4a7;\"><\/span>[vc_column_text]Bar[\/vc_column_text]<\/li><li class=\"sc_list_item odd\"><span class=\"sc_list_icon icon-stop\" style=\"color:#7fd4a7;\"><\/span>[vc_column_text]Restaurante[\/vc_column_text]<\/li><li class=\"sc_list_item even\"><span class=\"sc_list_icon icon-stop\" style=\"color:#7fd4a7;\"><\/span>[vc_column_text]Terraza[\/vc_column_text]<\/li><li class=\"sc_list_item odd\"><span class=\"sc_list_icon icon-stop\" style=\"color:#7fd4a7;\"><\/span>[vc_column_text]Gym[\/vc_column_text]<\/li><li class=\"sc_list_item even\"><span class=\"sc_list_icon icon-stop\" style=\"color:#7fd4a7;\"><\/span>[vc_column_text]Sal\u00f3n de belleza[\/vc_column_text]<\/li><li class=\"sc_list_item odd\"><span class=\"sc_list_icon icon-stop\" style=\"color:#7fd4a7;\"><\/span>[vc_column_text]Pistas de Padel &amp; Tenis[\/vc_column_text]<\/li><li class=\"sc_list_item even\"><span class=\"sc_list_icon icon-stop\" style=\"color:#7fd4a7;\"><\/span>[vc_column_text]<span class=\"tlid-translation translation\"><span class=\"\" title=\"\">Y una enorme tienda de Golf y Moda.<\/span><\/span>[\/vc_column_text]<\/li><\/ul><\/div><div class=\"column-1_2 sc_column_item sc_column_item_2 even\" data-animation=\"animated fadeInLeft normal\"><figure class=\"sc_image  sc_image_shape_square\" style=\"width:570px;height:477px;\"><img src=\"https:\/\/www.losarquerosgolf.com\/wp-content\/uploads\/2019\/02\/casa-club-los-arqueros-golf-570x477.jpg\" alt=\"\" \/><\/figure><\/div><\/div>[vc_row_inner][vc_column_inner][vc_column_text]<div class=\"sc_infobox sc_infobox_style_success sc_infobox_iconed icon-check\">Nuestro equipo siempre est\u00e1 a su disposici\u00f3n, haciendo que todos los visitantes se sientan bienvenidos y disfruten de su golf.<\/div>[\/vc_column_text][\/vc_column_inner][\/vc_row_inner][\/vc_column][\/vc_row][vc_row css=\u00bb.vc_custom_1551108745735{padding-bottom: 60px !important;}\u00bb][vc_column width=\u00bb1\/3&#8243;][\/vc_column][vc_column width=\u00bb1\/3&#8243;]<a href=\"https:\/\/open.teeone.golf\/es\/arqueros\" class=\"sc_button sc_button_square sc_button_style_filled sc_button_size_small aligncenter margin_top_xxmedium\">RESERVA ONLINE AHORA<\/a>[\/vc_column][vc_column width=\u00bb1\/3&#8243;][\/vc_column][\/vc_row][vc_row full_width=\u00bbstretch_row\u00bb css=\u00bb.vc_custom_1551108727498{background-color: #f7f8fc !important;}\u00bb][vc_column css=\u00bb.vc_custom_1551103651861{padding-top: 50px !important;}\u00bb]<div class=\"sc_content content_wrap margin_top_xlarge margin_bottom_medium\" data-animation=\"animated fadeInUp normal\"><h2 class=\"sc_title sc_title_regular sc_align_center margin_bottom_tiny\" style=\"text-align:center;\"><span class=\"tlid-translation translation\"><span class=\"\" title=\"\">OPINIONES DE CLIENTES<\/span><\/span><\/h2><div class=\"sc_section sc_section_block \" style=\"font-size:1.286em; line-height: 1.3em;font-weight:100;\"><div class=\"sc_section_inner\"><div class=\"sc_section_content_wrap\">[vc_column_text el_class=\u00bbcrtext\u00bb]<\/p>\n<p style=\"text-align: center; color: #9c9da1;\"><em>Qu\u00e9 dice la gente de nosotros<\/em><\/p>\n<p>[\/vc_column_text]<\/div><\/div><\/div><div class=\"sc_section sc_section_block margin_top_small aligncenter\" style=\"width:70%;width:70%;\"><div class=\"sc_section_inner\"><div class=\"sc_section_content_wrap\"><div class=\"sc_iconseparator \"><div class=\"sc_iconseparator_item\"><span class=\"sc_iconseparator_holder sc_iconseparator_holder_left\"><span class=\"sc_iconseparator_line\"><\/span><\/span><div class=\"sc_iconseparator_element_outer\"><div class=\"sc_iconseparator_element_iner\"><span class=\"icon-seve\" style=\"font-weight:100;font-size:3.3em; line-height: em;color:#666769;\"><\/span><\/div><\/div><span class=\"sc_iconseparator_holder sc_iconseparator_holder_right\"><span class=\"sc_iconseparator_line\"><\/span><\/span><\/div><\/div><\/div><\/div><\/div><div id=\"sc_testimonials_1127717965\" class=\"sc_testimonials sc_testimonials_style_testimonials-1 \" style=\"width:100%;\"><div class=\"sc_slider_swiper swiper-slider-container sc_slider_pagination sc_slider_pagination_bottom sc_slider_nocontrols\" data-interval=\"8319\" data-slides-min-width=\"250\"><div class=\"slides swiper-wrapper\"><div class=\"swiper-slide\" data-style=\"width:100%;\" style=\"width:100%;\">\t\t\t<div id=\"sc_testimonials_1127717965_1\" class=\"sc_testimonial_item\">\n\t\t\t\t<div class=\"sc_testimonial_content\"><p><span class=\"tlid-translation translation\"><span class=\"\" title=\"\">Hermoso campo con excelentes vistas,\u00a0 estaba en excelentes condiciones cuando jugamos all\u00ed a principios de noviembre.<\/span> <span class=\"\" title=\"\">Tambi\u00e9n una casa club muy agradable con buena comida.<\/span> <span class=\"\" title=\"\">El personal fue muy amigable y servicial.<\/span> <span class=\"\" title=\"\">Uno de los mejores campos de la Costa del Sol.<\/span><\/span><\/p>\n<\/div>\n\t\t\t\t\t\t\t\t\t\t\t\t<div class=\"sc_testimonial_author\"><a href=\"https:\/\/goo.gl\/maps\/BZvQcHhDEem\" class=\"sc_testimonial_author_name\">James Mc Swiney<\/a><span class=\"sc_testimonial_author_position\">Rese\u00f1a de Google<\/span><\/div>\n\t\t\t\t\t\t\t<\/div>\n\t\t<\/div><div class=\"swiper-slide\" data-style=\"width:100%;\" style=\"width:100%;\">\t\t\t<div id=\"sc_testimonials_1127717965_2\" class=\"sc_testimonial_item\">\n\t\t\t\t<div class=\"sc_testimonial_content\"><p><span class=\"tlid-translation translation\"><span title=\"\"><span class=\"fullText \"><span class=\"\" title=\"\">Campo de golf desafiante, personal muy amable.<\/span> <span class=\"\" title=\"\">Fui all\u00ed para una vuelta de golf el 30 de septiembre.<\/span> <span class=\"\" title=\"\">El campo es impresionante y realmente desafiante.<\/span> El personal fue muy amable y me proporcionaron sus palos de golf privados porque no quedaban de alquiler. Gracias por eso. <span class=\"alt-edited\" title=\"\">Deseando volver<\/span> ...<\/span><\/span><\/span><\/p>\n<\/div>\n\t\t\t\t\t\t\t\t\t\t\t\t<div class=\"sc_testimonial_author\"><a href=\"https:\/\/www.tripadvisor.es\/ShowUserReviews-g608965-d3968727-r621269943-Los_Arqueros_Golf_Country_Club-Benahavis_Costa_del_Sol_Province_of_Malaga_Andalu.html\" class=\"sc_testimonial_author_name\">883stephan<\/a><span class=\"sc_testimonial_author_position\">Rese\u00f1a de Tripadvisor <\/span><\/div>\n\t\t\t\t\t\t\t<\/div>\n\t\t<\/div><div class=\"swiper-slide\" data-style=\"width:100%;\" style=\"width:100%;\">\t\t\t<div id=\"sc_testimonials_1127717965_3\" class=\"sc_testimonial_item\">\n\t\t\t\t<div class=\"sc_testimonial_content\"><p><span class=\"tlid-translation translation\"><span class=\"\" title=\"\">Siempre es un placer jugar en uno de los campos m\u00e1s bonitos de la Costa.<\/span> <span class=\"\" title=\"\">Dif\u00edcil para los handicaps m\u00e1s altos, pero un desaf\u00edo para todos los niveles.<\/span> <span class=\"\" title=\"\">El personal es amable, tanto en la tienda como en el restaurante, muy acogedor.<\/span><\/span><\/p>\n<\/div>\n\t\t\t\t\t\t\t\t\t\t\t\t<div class=\"sc_testimonial_author\"><a href=\"https:\/\/www.facebook.com\/chris.dewhurst.12\/posts\/10156367681804934\" class=\"sc_testimonial_author_name\">Chris Dewhurst<\/a><span class=\"sc_testimonial_author_position\">Rese\u00f1a de Facebook<\/span><\/div>\n\t\t\t\t\t\t\t<\/div>\n\t\t<\/div><div class=\"swiper-slide\" data-style=\"width:100%;\" style=\"width:100%;\">\t\t\t<div id=\"sc_testimonials_1127717965_4\" class=\"sc_testimonial_item\">\n\t\t\t\t<div class=\"sc_testimonial_content\"><div class=\"text-wrap tlid-copy-target\">\n<div class=\"result-shield-container tlid-copy-target\"><span class=\"tlid-translation translation\"><span class=\"\" title=\"\">He estado en este lugar muchas veces para vacaciones familiares y vacaciones de golf.<\/span> <span class=\"\" title=\"\">Este lugar ofrece un magn\u00edfico campo de golf dise\u00f1ado por Seve a una tarifa de golf muy razonable que incluye buggies.<\/span> <span title=\"\">Los greens siempre est\u00e1n fant\u00e1sticos.<\/span> <span title=\"\">Servicio de casa club y comida tambi\u00e9n de buena calidad y excelente.<\/span><\/span><\/div>\n<\/div>\n<div class=\"tlid-result-transliteration-container result-transliteration-container transliteration-container\">\n<div class=\"tlid-transliteration-content transliteration-content full\"><\/div>\n<\/div>\n<div class=\"result-footer source-or-target-footer tlid-copy-target\"><\/div>\n<\/div>\n\t\t\t\t\t\t\t\t\t\t\t\t<div class=\"sc_testimonial_author\"><a href=\"https:\/\/www.facebook.com\/permalink.php?story_fbid=381810345601694&#038;id=100013181958755\" class=\"sc_testimonial_author_name\">Barry Taylor <\/a><span class=\"sc_testimonial_author_position\">Rese\u00f1a de Facebook<\/span><\/div>\n\t\t\t\t\t\t\t<\/div>\n\t\t<\/div><\/div><div class=\"sc_slider_controls_wrap\"><a class=\"sc_slider_prev\" href=\"#\"><\/a><a class=\"sc_slider_next\" href=\"#\"><\/a><\/div><div class=\"sc_slider_pagination_wrap\"><\/div><\/div><\/div><\/div>[\/vc_column][\/vc_row]<\/p>\n<\/section>","protected":false},"excerpt":{"rendered":"<p>[vc_row][vc_column][\/vc_column][\/vc_row][vc_row content_placement=\u00bbtop\u00bb css=\u00bb.vc_custom_1551103609409{padding-top: -100px !important;padding-bottom: 100px !important;}\u00bb][vc_column][vc_row_inner][vc_column_inner][vc_column_text][\/vc_column_text][\/vc_column_inner][\/vc_row_inner][\/vc_column][\/vc_row][vc_row css=\u00bb.vc_custom_1551108745735{padding-bottom: 60px !important;}\u00bb][vc_column width=\u00bb1\/3&#8243;][\/vc_column][vc_column width=\u00bb1\/3&#8243;][\/vc_column][vc_column width=\u00bb1\/3&#8243;][\/vc_column][\/vc_row][vc_row full_width=\u00bbstretch_row\u00bb css=\u00bb.vc_custom_1551108727498{background-color: #f7f8fc !important;}\u00bb][vc_column css=\u00bb.vc_custom_1551103651861{padding-top: 50px !important;}\u00bb][\/vc_column][\/vc_row]<\/p>\n","protected":false},"author":1,"featured_media":0,"parent":0,"menu_order":0,"comment_status":"closed","ping_status":"closed","template":"","meta":{"inline_featured_image":false},"aioseo_notices":[],"_links":{"self":[{"href":"https:\/\/www.losarquerosgolf.com\/es\/wp-json\/wp\/v2\/pages\/6026"}],"collection":[{"href":"https:\/\/www.losarquerosgolf.com\/es\/wp-json\/wp\/v2\/pages"}],"about":[{"href":"https:\/\/www.losarquerosgolf.com\/es\/wp-json\/wp\/v2\/types\/page"}],"author":[{"embeddable":true,"href":"https:\/\/www.losarquerosgolf.com\/es\/wp-json\/wp\/v2\/users\/1"}],"replies":[{"embeddable":true,"href":"https:\/\/www.losarquerosgolf.com\/es\/wp-json\/wp\/v2\/comments?post=6026"}],"version-history":[{"count":1,"href":"https:\/\/www.losarquerosgolf.com\/es\/wp-json\/wp\/v2\/pages\/6026\/revisions"}],"predecessor-version":[{"id":11193,"href":"https:\/\/www.losarquerosgolf.com\/es\/wp-json\/wp\/v2\/pages\/6026\/revisions\/11193"}],"wp:attachment":[{"href":"https:\/\/www.losarquerosgolf.com\/es\/wp-json\/wp\/v2\/media?parent=6026"}],"curies":[{"name":"wp","href":"https:\/\/api.w.org\/{rel}","templated":true}]}}