{"id":5967,"date":"2019-02-28T21:36:35","date_gmt":"2019-02-28T21:36:35","guid":{"rendered":"https:\/\/www.losarquerosgolf.com\/?page_id=5967"},"modified":"2024-04-15T11:52:41","modified_gmt":"2024-04-15T09:52:41","slug":"politica-de-cookies","status":"publish","type":"page","link":"https:\/\/www.losarquerosgolf.com\/es\/politica-de-cookies\/","title":{"rendered":"P\u00f3litica de Cookies"},"content":{"rendered":"<p><strong>LOS ARQUEROS GOLF AND COUNTRY CLUB, S.A.<\/strong> es responsable de la p\u00e1gina web www.losarquerosgolf.com, y utiliza cookies y\/u otros archivos de funcionalidad similar (en adelante \u201cCookies\u201d).<\/p>\n<p>Las Cookies son peque\u00f1os archivos de datos que se env\u00edan al ordenador del usuario, tel\u00e9fono m\u00f3vil u otro dispositivo de acceso cuando visita una p\u00e1gina web y que permiten obtener informaci\u00f3n relativa a su navegaci\u00f3n o un c\u00f3digo que permite identificar un\u00edvocamente al usuario.<\/p>\n<h4>TIPOLOG\u00cdA DE COOKIES Y FINALIDADES DE USO<\/h4>\n<p>&nbsp;<\/p>\n<p>TLa p\u00e1gina web www.losarquerosgolf.com utiliza Cookies de sesi\u00f3n y\/o Cookies persistentes que, a su vez, pueden ser Cookies propias y\/o de terceros.<\/p>\n<p>Las Cookies de sesi\u00f3n son cookies dise\u00f1adas para recabar y almacenar datos mientras el usuario accede a una p\u00e1gina web. Se suelen emplear para almacenar informaci\u00f3n que solo interesa conservar para la prestaci\u00f3n del servicio solicitado por el usuario en una sola ocasi\u00f3n.<\/p>\n<p>Las Cookies persistentes son un tipo de cookies en el que los datos siguen almacenados en el terminal y a los que se puede acceder y tratar durante un periodo definido por el responsable de la cookie, y que puede ir de unos minutos a varios a\u00f1os.<\/p>\n<p><strong>Cookies propias:<\/strong> as creadas o gestionadas por el responsable de la p\u00e1gina web LOS ARQUEROS GOLF AND COUNTRY CLUB, S.A. La p\u00e1gina web www.losarquerosgolf.com, utiliza Cookies propias con las siguientes finalidades:<\/p>\n<p><strong>T\u00e9cnicas:<\/strong> permiten al usuario la navegaci\u00f3n la utilizaci\u00f3n de las diferentes opciones o servicios que en ella existan como, por ejemplo, controlar el tr\u00e1fico y la comunicaci\u00f3n de datos, identificar la sesi\u00f3n, acceder a partes de acceso restringido, utilizar elementos de seguridad durante la navegaci\u00f3n, almacenar contenidos.<\/p>\n<p><strong>Personalizaci\u00f3n:<\/strong> permiten al usuario acceder al servicio con algunas caracter\u00edsticas de car\u00e1cter general predefinidas en funci\u00f3n de una serie de criterios en el terminal del usuario como, por ejemplo, recordar preferencias de reproducci\u00f3n de v\u00eddeos.<\/p>\n<p><strong>Cookies de terceros:<\/strong> Las administradas por prestadores de servicios ajenos a LOS ARQUEROS GOLF AND COUNTRY CLUB, S.A.<\/p>\n<p>A continuaci\u00f3n, se detallan tanto los terceros que pueden configurar y acceder a Cookies de su equipo, como las finalidades con las que se utiliza la informaci\u00f3n que almacenan:<\/p>\n<h4>TERCER PROP\u00d3SITO M\u00c1S INFORMACI\u00d3N<\/h4>\n<p>&nbsp;<\/p>\n<p><strong>Analytics<\/strong><\/p>\n<p>Google Analytics es una herramienta de an\u00e1lisis web gratuito de Google que permite a los propietarios de sitios web sobre todo entender c\u00f3mo los visitantes interact\u00faan con nuestro sitio web. Tambi\u00e9n activa las cookies en el dominio del sitio donde est\u00e1s y utiliza un conjunto de cookies llamadas \u00ab__utma\u00bb y \u00ab__utmz\u00bb para recoger informaci\u00f3n de forma an\u00f3nima e informar sobre las tendencias de los sitios web, sin identificar a los usuarios individuales.<\/p>\n<p><strong>Maps<\/strong><\/p>\n<p>Google Maps se utiliza para mostrar mapas en diferentes partes de la p\u00e1gina web. Para mostrarlos utiliza correctamente las siguientes cookies: khcookie, NID y SNID PREF.<\/p>\n<p>Si no desea permitir el uso de cookies en nuestro sitio web, por favor, siga estas instrucciones: Estos procedimientos est\u00e1n sujetos a revisi\u00f3n o modificaci\u00f3n por los desarrolladores de navegadores, por lo que no podemos garantizar que la \u00faltima versi\u00f3n totalmente conforme est\u00e1 disponible todas las veces.<\/p>\n<h4>DESACTIVACI\u00d3N O ELIMINACI\u00d3N DE LAS COOKIES<\/h4>\n<p>&nbsp;<\/p>\n<p>La mayor\u00eda de navegadores web permite gestionar, en cualquier momento, las preferencias del usuario sobre el uso de las Cookies. El usuario puede ajustar su navegador para que rechace Cookies o elimine determinadas Cookies seg\u00fan su criterio<\/p>\n<p>Para la configuraci\u00f3n de las Cookies el usuario puede acceder a:<\/p>\n<p><strong>Google Chrome<\/strong><\/p>\n<p><strong>Mozilla Firefox<\/strong><\/p>\n<p><strong>Internet Explorer<\/strong><\/p>\n<p><strong>Microsoft Edge<\/strong><\/p>\n<p><strong>Safari<\/strong><\/p>\n<p><strong>Opera<\/strong><\/p>\n<p>TEl usuario puede revocar su consentimiento para el uso de Cookies en su navegador a trav\u00e9s de las indicaciones anteriores o a trav\u00e9s de la instalaci\u00f3n de un sistema de rechazo, (\u201copt-out\u201d) en su navegador web.<\/p>\n<p>En el caso de las Cookies de Google Analytics, el opt-out puede realizarse a trav\u00e9s del siguiente enlace.<\/p>\n<p>El usuario debe tener en cuenta que algunas caracter\u00edsticas de los contenidos de la P\u00e1gina Web www.losarquerosgolf.com solo est\u00e1n disponibles si se permite la instalaci\u00f3n de Cookies en su navegador. Si decide no aceptar o bloquear determinadas Cookies (en funci\u00f3n de su finalidad), puede que esto afecte, total o parcialmente, al funcionamiento normal de la P\u00e1gina Web o que impida el acceso a algunos servicios de la misma.<\/p>\n<h4>ACTUALIZACIONES Y CAMBIOS EN LA POL\u00cdTICA DE COOKIES<\/h4>\n<p>&nbsp;<\/p>\n<p>LOS ARQUEROS GOLF AND COUNTRY CLUB, S.A. puede modificar esta Pol\u00edtica de Cookies en funci\u00f3n de nuevas exigencias legislativas, reglamentarias, o con la finalidad de adaptar dicha pol\u00edtica a las instrucciones dictadas por la Agencia Espa\u00f1ola de Protecci\u00f3n de Datos.<\/p>\n<p>Si desea m\u00e1s informaci\u00f3n sobre qu\u00e9 uso hacemos de las Cookies, puede enviarnos un e-mail a <a href=\"mailto:reservas@losarquerosgolf.com\">reservas@losarquerosgolf.com<\/a><\/p>\n","protected":false},"excerpt":{"rendered":"<p>LOS ARQUEROS GOLF AND COUNTRY CLUB, S.A. es responsable de la p\u00e1gina web www.losarquerosgolf.com, y utiliza cookies y\/u otros archivos de funcionalidad similar (en adelante \u201cCookies\u201d). Las Cookies son peque\u00f1os archivos de datos que se env\u00edan al ordenador del usuario, tel\u00e9fono m\u00f3vil u otro dispositivo de acceso cuando visita una p\u00e1gina web y que permiten [&hellip;]<\/p>\n","protected":false},"author":1,"featured_media":0,"parent":0,"menu_order":0,"comment_status":"closed","ping_status":"closed","template":"","meta":{"inline_featured_image":false},"aioseo_notices":[],"_links":{"self":[{"href":"https:\/\/www.losarquerosgolf.com\/es\/wp-json\/wp\/v2\/pages\/5967"}],"collection":[{"href":"https:\/\/www.losarquerosgolf.com\/es\/wp-json\/wp\/v2\/pages"}],"about":[{"href":"https:\/\/www.losarquerosgolf.com\/es\/wp-json\/wp\/v2\/types\/page"}],"author":[{"embeddable":true,"href":"https:\/\/www.losarquerosgolf.com\/es\/wp-json\/wp\/v2\/users\/1"}],"replies":[{"embeddable":true,"href":"https:\/\/www.losarquerosgolf.com\/es\/wp-json\/wp\/v2\/comments?post=5967"}],"version-history":[{"count":1,"href":"https:\/\/www.losarquerosgolf.com\/es\/wp-json\/wp\/v2\/pages\/5967\/revisions"}],"predecessor-version":[{"id":11062,"href":"https:\/\/www.losarquerosgolf.com\/es\/wp-json\/wp\/v2\/pages\/5967\/revisions\/11062"}],"wp:attachment":[{"href":"https:\/\/www.losarquerosgolf.com\/es\/wp-json\/wp\/v2\/media?parent=5967"}],"curies":[{"name":"wp","href":"https:\/\/api.w.org\/{rel}","templated":true}]}}