{"id":10502,"date":"2022-09-20T15:51:59","date_gmt":"2022-09-20T13:51:59","guid":{"rendered":"https:\/\/www.losarquerosgolf.com\/?page_id=10502"},"modified":"2022-09-20T15:51:59","modified_gmt":"2022-09-20T13:51:59","slug":"los-arqueros-atm","status":"publish","type":"page","link":"https:\/\/www.losarquerosgolf.com\/es\/los-arqueros-atm\/","title":{"rendered":"Los Arqueros ATM"},"content":{"rendered":"<section class=\"wpb-content-wrapper\"><p>[vc_row][vc_column][vc_empty_space][vc_column_text]<\/p>\n<h3 style=\"text-align: center;\">Los Arqueros Golf ha llegado a un acuerdo con ING<br \/>\npara que nuestros clientes puedan retirar dinero a trav\u00e9s de la implantaci\u00f3n de un cajero autom\u00e1tico en nuestras instalaciones.<\/h3>\n<p>&nbsp;<\/p>\n<h2 style=\"text-align: center;\"><strong>PARKING GRATUITO<\/strong><\/h2>\n<p>[\/vc_column_text][vc_empty_space][vc_empty_space][vc_single_image image=\u00bb10503&#8243; img_size=\u00bbfull\u00bb alignment=\u00bbcenter\u00bb css_animation=\u00bbfadeIn\u00bb][vc_empty_space][\/vc_column][\/vc_row][vc_row][vc_column][\/vc_column][\/vc_row]<\/p>\n<\/section>","protected":false},"excerpt":{"rendered":"<p>[vc_row][vc_column][vc_empty_space][vc_column_text] Los Arqueros Golf ha llegado a un acuerdo con ING para que nuestros clientes puedan retirar dinero a trav\u00e9s de la implantaci\u00f3n de un cajero autom\u00e1tico en nuestras instalaciones. &nbsp; PARKING GRATUITO [\/vc_column_text][vc_empty_space][vc_empty_space][vc_single_image image=\u00bb10503&#8243; img_size=\u00bbfull\u00bb alignment=\u00bbcenter\u00bb css_animation=\u00bbfadeIn\u00bb][vc_empty_space][\/vc_column][\/vc_row][vc_row][vc_column][\/vc_column][\/vc_row]<\/p>\n","protected":false},"author":1,"featured_media":0,"parent":0,"menu_order":0,"comment_status":"closed","ping_status":"closed","template":"","meta":{"inline_featured_image":false},"aioseo_notices":[],"_links":{"self":[{"href":"https:\/\/www.losarquerosgolf.com\/es\/wp-json\/wp\/v2\/pages\/10502"}],"collection":[{"href":"https:\/\/www.losarquerosgolf.com\/es\/wp-json\/wp\/v2\/pages"}],"about":[{"href":"https:\/\/www.losarquerosgolf.com\/es\/wp-json\/wp\/v2\/types\/page"}],"author":[{"embeddable":true,"href":"https:\/\/www.losarquerosgolf.com\/es\/wp-json\/wp\/v2\/users\/1"}],"replies":[{"embeddable":true,"href":"https:\/\/www.losarquerosgolf.com\/es\/wp-json\/wp\/v2\/comments?post=10502"}],"version-history":[{"count":1,"href":"https:\/\/www.losarquerosgolf.com\/es\/wp-json\/wp\/v2\/pages\/10502\/revisions"}],"predecessor-version":[{"id":10514,"href":"https:\/\/www.losarquerosgolf.com\/es\/wp-json\/wp\/v2\/pages\/10502\/revisions\/10514"}],"wp:attachment":[{"href":"https:\/\/www.losarquerosgolf.com\/es\/wp-json\/wp\/v2\/media?parent=10502"}],"curies":[{"name":"wp","href":"https:\/\/api.w.org\/{rel}","templated":true}]}}